{"id":101,"date":"2024-07-16T12:57:31","date_gmt":"2024-07-16T10:57:31","guid":{"rendered":"http:\/\/pokoj.uksw.edu.pl\/?page_id=101"},"modified":"2024-07-16T12:57:32","modified_gmt":"2024-07-16T10:57:32","slug":"oplata-konferencyjna","status":"publish","type":"page","link":"https:\/\/pokoj.uksw.edu.pl\/?page_id=101","title":{"rendered":"OP\u0141ATA KONFERENCYJNA"},"content":{"rendered":"\n<p>Udzia\u0142 w konferencji jest bezp\u0142atny. Konferencja jest dofinansowana przez Ministra Nauki w ramach Programu \u201eDoskona\u0142a Nauka II\u201d. Organizatorzy nie pokrywaj\u0105 koszt\u00f3w dojazdu i zakwaterowania.<\/p>\n\n\n\n<p>Istnieje mo\u017cliwo\u015b\u0107 publikacji tekstu pokonferencyjnego, co jednak WYMAGA WNIESIENIA OP\u0141ATY W WYSOKO\u015aCI 200 z\u0142 (op\u0142ata wi\u0105\u017ce si\u0119 z kosztem publikacji \u2013 niefinansowanym z grantu).<\/p>\n\n\n\n<p>Je\u015bli potrzebujecie Pa\u0144stwo wystawienia faktury, prosimy o podanie nast\u0119puj\u0105cych danych: Nazwa i adres p\u0142atnika, NIP p\u0142atnika.<\/p>\n\n\n\n<p>Przewidziane s\u0105 cztery formy udzia\u0142u w wydarzeniu:<\/p>\n\n\n\n<p><strong>udzia\u0142 czynny (stacjonarny) <\/strong>\u2013 obejmuje udzia\u0142 w konferencji, catering podczas przerw na kaw\u0119, uroczyst\u0105 obiadokolacj\u0119, mo\u017cliwo\u015b\u0107 publikacji tekstu w wysokopunktowanym czasopi\u015bmie o charakterze pedagogicznym b\u0105d\u017a w recenzowanej monografii (po otrzymaniu pozytywnej recenzji), materia\u0142y konferencyjne wraz z za\u015bwiadczeniem o uczestnictwie<\/p>\n\n\n\n<p>w konferencji<\/p>\n\n\n\n<p><strong>udzia\u0142 czynny (za po\u015brednictwem platformy komunikacji na odleg\u0142o\u015b\u0107) <\/strong>\u2013 obejmuje udzia\u0142 w konferencji, mo\u017cliwo\u015b\u0107 publikacji tekstu w recenzowanej monografii b\u0105d\u017a wysokopunktowanym czasopi\u015bmie o charakterze pedagogicznym (po otrzymaniu pozytywnej recenzji), materia\u0142y konferencyjne wraz z za\u015bwiadczeniem o uczestnictwie w konferencji<\/p>\n\n\n\n<p><strong>udzia\u0142 bierny (stacjonarny) <\/strong>\u2013 obejmuje udzia\u0142 w konferencji, catering podczas przerw na kaw\u0119, uroczyst\u0105 obiadokolacj\u0119, materia\u0142y konferencyjne wraz z za\u015bwiadczeniem o uczestnictwie w konferencji<\/p>\n\n\n\n<p><strong>udzia\u0142 bierny (za po\u015brednictwem platformy komunikacji na odleg\u0142o\u015b\u0107) <\/strong>\u2013 obejmuje udzia\u0142 w konferencji, materia\u0142y konferencyjne wraz<\/p>\n\n\n\n<p>z za\u015bwiadczeniem o uczestnictwie w konferencji. W formularzu zg\u0142oszenia prosimy o okre\u015blone formy uczestnictwa oraz dni uczestnictwa w konferencji.<\/p>\n\n\n\n<div class=\"wp-block-file\"><a id=\"wp-block-file--media-c9a28634-36f9-4bc9-9556-4836f07d1441\" href=\"http:\/\/pokoj.uksw.edu.pl\/wp-content\/uploads\/2024\/07\/formularz-zgloszenia.doc\">formularz zg\u0142oszenia<\/a><a href=\"http:\/\/pokoj.uksw.edu.pl\/wp-content\/uploads\/2024\/07\/formularz-zgloszenia.doc\" class=\"wp-block-file__button wp-element-button\" download aria-describedby=\"wp-block-file--media-c9a28634-36f9-4bc9-9556-4836f07d1441\">Pobierz<\/a><\/div>\n\n\n\n<div data-wp-interactive=\"core\/file\" class=\"wp-block-file\"><object data-wp-bind--hidden=\"!state.hasPdfPreview\"  class=\"wp-block-file__embed\" data=\"http:\/\/pokoj.uksw.edu.pl\/wp-content\/uploads\/2024\/07\/formularz-zgloszenia.pdf\" type=\"application\/pdf\" style=\"width:100%;height:600px\" aria-label=\"Osadzone z formularz zg\u0142oszenia.\"><\/object><a id=\"wp-block-file--media-6c75ea73-bf8e-4b19-90b4-f9f35b0eba4c\" href=\"http:\/\/pokoj.uksw.edu.pl\/wp-content\/uploads\/2024\/07\/formularz-zgloszenia.pdf\">formularz zg\u0142oszenia<\/a><a href=\"http:\/\/pokoj.uksw.edu.pl\/wp-content\/uploads\/2024\/07\/formularz-zgloszenia.pdf\" class=\"wp-block-file__button wp-element-button\" download aria-describedby=\"wp-block-file--media-6c75ea73-bf8e-4b19-90b4-f9f35b0eba4c\">Pobierz<\/a><\/div>\n","protected":false},"excerpt":{"rendered":"<p>Udzia\u0142 w konferencji jest bezp\u0142atny. Konferencja jest dofinansowana przez Ministra Nauki w ramach Programu \u201eDoskona\u0142a Nauka II\u201d. Organizatorzy nie pokrywaj\u0105 koszt\u00f3w dojazdu i zakwaterowania. Istnieje mo\u017cliwo\u015b\u0107 publikacji tekstu pokonferencyjnego, co jednak WYMAGA WNIESIENIA OP\u0141ATY W WYSOKO\u015aCI 200 z\u0142 (op\u0142ata wi\u0105\u017ce si\u0119 z kosztem publikacji \u2013 niefinansowanym z grantu). Je\u015bli potrzebujecie Pa\u0144stwo wystawienia faktury, prosimy o &hellip; <\/p>\n","protected":false},"author":1,"featured_media":0,"parent":84,"menu_order":0,"comment_status":"closed","ping_status":"closed","template":"","meta":{"footnotes":""},"class_list":["post-101","page","type-page","status-publish","hentry","grid-sizer"],"_links":{"self":[{"href":"https:\/\/pokoj.uksw.edu.pl\/index.php?rest_route=\/wp\/v2\/pages\/101"}],"collection":[{"href":"https:\/\/pokoj.uksw.edu.pl\/index.php?rest_route=\/wp\/v2\/pages"}],"about":[{"href":"https:\/\/pokoj.uksw.edu.pl\/index.php?rest_route=\/wp\/v2\/types\/page"}],"author":[{"embeddable":true,"href":"https:\/\/pokoj.uksw.edu.pl\/index.php?rest_route=\/wp\/v2\/users\/1"}],"replies":[{"embeddable":true,"href":"https:\/\/pokoj.uksw.edu.pl\/index.php?rest_route=%2Fwp%2Fv2%2Fcomments&post=101"}],"version-history":[{"count":1,"href":"https:\/\/pokoj.uksw.edu.pl\/index.php?rest_route=\/wp\/v2\/pages\/101\/revisions"}],"predecessor-version":[{"id":102,"href":"https:\/\/pokoj.uksw.edu.pl\/index.php?rest_route=\/wp\/v2\/pages\/101\/revisions\/102"}],"up":[{"embeddable":true,"href":"https:\/\/pokoj.uksw.edu.pl\/index.php?rest_route=\/wp\/v2\/pages\/84"}],"wp:attachment":[{"href":"https:\/\/pokoj.uksw.edu.pl\/index.php?rest_route=%2Fwp%2Fv2%2Fmedia&parent=101"}],"curies":[{"name":"wp","href":"https:\/\/api.w.org\/{rel}","templated":true}]}}