{"id":43,"date":"2024-07-16T12:12:57","date_gmt":"2024-07-16T10:12:57","guid":{"rendered":"http:\/\/pokoj.uksw.edu.pl\/?page_id=43"},"modified":"2024-07-16T12:35:27","modified_gmt":"2024-07-16T10:35:27","slug":"tematyka-konferencji","status":"publish","type":"page","link":"https:\/\/pokoj.uksw.edu.pl\/?page_id=43","title":{"rendered":"O konferencji Tematyka konferencji"},"content":{"rendered":"\n<p>Celem konferencji jest pog\u0142\u0119biona refleksja i dyskusja nad wsp\u00f3\u0142cze\u015bnie wa\u017cnym problem wychowania do pokoju, poszukiwania pokojowych dr\u00f3g przezwyci\u0119\u017cania konflikt\u00f3w oraz budowania spo\u0142ecznych i indywidualnych warunk\u00f3w pokojowego wsp\u00f3\u0142\u017cycia, zar\u00f3wno jednostek, jak i narod\u00f3w. S\u0105 to tematy, kt\u00f3re szczeg\u00f3lnie obecnie coraz silniej okre\u015blaj\u0105 refleksj\u0119 i dzia\u0142alno\u015b\u0107 spo\u0142eczno-pedagogiczn\u0105.<\/p>\n\n\n\n<p>Podczas gdy pok\u00f3j nabiera w\u0142asnego znaczenia w okre\u015blonym kontek\u015bcie, kulturze, umy\u015ble i interpretacji, poj\u0119cie pokoju jako warunku indywidualnego i zbiorowego dobrostanu og\u00f3lnie charakteryzuje jego konstrukcj\u0119. Procesy, kt\u00f3re mog\u0105 przyczyni\u0107 si\u0119 do dobrostanu, obejmuj\u0105 reakcj\u0119 na konflikt bez przemocy, dzielenie si\u0119 w\u0142adz\u0105, przeciwdzia\u0142anie uciskowi, harmoni\u0119 mi\u0119dzykulturow\u0105, wsp\u00f3\u0142czuj\u0105c\u0105 wsp\u00f3lnot\u0119, leczenie fizycznych i spo\u0142ecznych ran, sprawiedliwo\u015b\u0107 naprawcz\u0105, wdra\u017canie kultury z ochron\u0105 praw cz\u0142owieka, ochron\u0119 i reprezentacj\u0119 przyrody oraz dzielenie si\u0119 wizjami pokoju, co jest prekursorem ich realizacji. Wdra\u017canie lokalnych, tradycyjnych i nowych sposob\u00f3w uczenia si\u0119 i d\u0105\u017cenia do pokoju stanowi fundament edukacji na rzecz pokoju. Cele konferencji obejmuj\u0105 uczenie si\u0119 dla pokoju, przez pok\u00f3j&nbsp; i o pokoju.<\/p>\n\n\n\n<p>Konferencja \u201ePok\u00f3j fundamentem cz\u0142owiecze\u0144stwa. Teoria a praktyka edukacyjna\u201d ma na celu zgromadzenie badaczy, praktyk\u00f3w oraz przedstawicieli instytucji edukacyjnych, aby wsp\u00f3lnie analizowa\u0107 i rozwija\u0107 metody oraz narz\u0119dzia edukacji pokojowej. Interdyscyplinarne podej\u015bcie do tematyki konferencji pozwoli na integracj\u0119 r\u00f3\u017cnych perspektyw i do\u015bwiadcze\u0144, co przyczyni si\u0119 do wypracowania kompleksowych strategii promuj\u0105cych pok\u00f3j.<\/p>\n\n\n\n<p><strong>Proponowane obszary tematyczne<\/strong><\/p>\n\n\n\n<ul class=\"wp-block-list\">\n<li><strong>Teoretyczne podstawy wychowania do pokoju<\/strong> \u2013 badania nad filozoficznymi i pedagogicznymi aspektami pokoju.<\/li>\n\n\n\n<li><strong>Metody i narz\u0119dzia edukacji pokojowej<\/strong> \u2013 innowacyjne podej\u015bcia i techniki nauczania promuj\u0105ce pokojowe wsp\u00f3\u0142istnienie.<\/li>\n\n\n\n<li><strong>Rola instytucji edukacyjnych w budowaniu pokoju<\/strong> \u2013 analiza roli szk\u00f3\u0142, uczelni i innych instytucji w kszta\u0142towaniu postaw pokojowych.<\/li>\n\n\n\n<li><strong>Psychospo\u0142eczne aspekty wychowania do pokoju<\/strong> \u2013 wp\u0142yw edukacji na rozw\u00f3j emocjonalny i spo\u0142eczny jednostek.<\/li>\n\n\n\n<li><strong>Pokojowe rozwi\u0105zywanie konflikt\u00f3w.<\/strong><\/li>\n\n\n\n<li><strong>Globalne wyzwania i inicjatywy pokojowe<\/strong> \u2013 mi\u0119dzynarodowe projekty i wsp\u00f3\u0142praca w zakresie edukacji pokojowej.<\/li>\n<\/ul>\n\n\n\n<p>Zach\u0119camy do zg\u0142aszania referat\u00f3w, kt\u00f3re b\u0119d\u0105 prezentowane w sesjach plenarnych i tematycznych, jak r\u00f3wnie\u017c do udzia\u0142u w warsztatach i panelach dyskusyjnych.<\/p>\n\n\n\n<div data-wp-interactive=\"core\/file\" class=\"wp-block-file\"><object data-wp-bind--hidden=\"!state.hasPdfPreview\"  class=\"wp-block-file__embed\" data=\"http:\/\/pokoj.uksw.edu.pl\/wp-content\/uploads\/2024\/07\/Komunikat-nr-1-Pokoj-fundamentem-czlowieczenstwa.pdf\" type=\"application\/pdf\" style=\"width:100%;height:890px\" aria-label=\"Osadzone z Komunikat nr 1 - Pok\u00f3j fundamentem cz\u0142owiecze\u0144stwa.\"><\/object><a id=\"wp-block-file--media-ed3da2fb-9151-4991-a010-c8467f7607d2\" href=\"http:\/\/pokoj.uksw.edu.pl\/wp-content\/uploads\/2024\/07\/Komunikat-nr-1-Pokoj-fundamentem-czlowieczenstwa.pdf\">Komunikat nr 1 &#8211; Pok\u00f3j fundamentem cz\u0142owiecze\u0144stwa<\/a><a href=\"http:\/\/pokoj.uksw.edu.pl\/wp-content\/uploads\/2024\/07\/Komunikat-nr-1-Pokoj-fundamentem-czlowieczenstwa.pdf\" class=\"wp-block-file__button wp-element-button\" download aria-describedby=\"wp-block-file--media-ed3da2fb-9151-4991-a010-c8467f7607d2\">Pobierz<\/a><\/div>\n\n\n\n<p><\/p>\n\n\n\n<p><\/p>\n\n\n\n<p><\/p>\n\n\n\n<p><\/p>\n","protected":false},"excerpt":{"rendered":"<p>Celem konferencji jest pog\u0142\u0119biona refleksja i dyskusja nad wsp\u00f3\u0142cze\u015bnie wa\u017cnym problem wychowania do pokoju, poszukiwania pokojowych dr\u00f3g przezwyci\u0119\u017cania konflikt\u00f3w oraz budowania spo\u0142ecznych i indywidualnych warunk\u00f3w pokojowego wsp\u00f3\u0142\u017cycia, zar\u00f3wno jednostek, jak i narod\u00f3w. S\u0105 to tematy, kt\u00f3re szczeg\u00f3lnie obecnie coraz silniej okre\u015blaj\u0105 refleksj\u0119 i dzia\u0142alno\u015b\u0107 spo\u0142eczno-pedagogiczn\u0105. Podczas gdy pok\u00f3j nabiera w\u0142asnego znaczenia w okre\u015blonym kontek\u015bcie, kulturze, &hellip; <\/p>\n","protected":false},"author":1,"featured_media":0,"parent":0,"menu_order":0,"comment_status":"closed","ping_status":"closed","template":"","meta":{"footnotes":""},"class_list":["post-43","page","type-page","status-publish","hentry","grid-sizer"],"_links":{"self":[{"href":"https:\/\/pokoj.uksw.edu.pl\/index.php?rest_route=\/wp\/v2\/pages\/43"}],"collection":[{"href":"https:\/\/pokoj.uksw.edu.pl\/index.php?rest_route=\/wp\/v2\/pages"}],"about":[{"href":"https:\/\/pokoj.uksw.edu.pl\/index.php?rest_route=\/wp\/v2\/types\/page"}],"author":[{"embeddable":true,"href":"https:\/\/pokoj.uksw.edu.pl\/index.php?rest_route=\/wp\/v2\/users\/1"}],"replies":[{"embeddable":true,"href":"https:\/\/pokoj.uksw.edu.pl\/index.php?rest_route=%2Fwp%2Fv2%2Fcomments&post=43"}],"version-history":[{"count":4,"href":"https:\/\/pokoj.uksw.edu.pl\/index.php?rest_route=\/wp\/v2\/pages\/43\/revisions"}],"predecessor-version":[{"id":71,"href":"https:\/\/pokoj.uksw.edu.pl\/index.php?rest_route=\/wp\/v2\/pages\/43\/revisions\/71"}],"wp:attachment":[{"href":"https:\/\/pokoj.uksw.edu.pl\/index.php?rest_route=%2Fwp%2Fv2%2Fmedia&parent=43"}],"curies":[{"name":"wp","href":"https:\/\/api.w.org\/{rel}","templated":true}]}}