{"id":81,"date":"2024-07-16T12:36:28","date_gmt":"2024-07-16T10:36:28","guid":{"rendered":"http:\/\/pokoj.uksw.edu.pl\/?page_id=81"},"modified":"2024-07-16T12:36:29","modified_gmt":"2024-07-16T10:36:29","slug":"komitet-organizacyjny","status":"publish","type":"page","link":"https:\/\/pokoj.uksw.edu.pl\/?page_id=81","title":{"rendered":"Komitet organizacyjny"},"content":{"rendered":"\n<figure class=\"wp-block-table\"><table class=\"has-fixed-layout\"><tbody><tr><td>prof. zw. dr hab. <strong>Jaros\u0142aw MICHALSKI<\/strong> &nbsp;<\/td><td>Uniwersytet Kardyna\u0142a Stefana Wyszy\u0144skiego<\/td><\/tr><tr><td>prof. DDr. <strong>Janusz SURZYKIEWICZ<\/strong> &nbsp;<\/td><td>Katholische Universit\u00e4t Eichst\u00e4tt-Ingolstadt<\/td><\/tr><tr><td>prof. dr hab. Zbigniew <strong>FORMELA<\/strong><\/td><td>Universitas Pontificia Salesiana, Rzym. &nbsp;<\/td><\/tr><tr><td>prof. ucz. dr hab. <strong>Zbigniew BABICKI<\/strong> &nbsp;<\/td><td>Uniwersytet Kardyna\u0142a Stefana Wyszy\u0144skiego<\/td><\/tr><tr><td>dr <strong>Monika WOLI\u0143SKA<\/strong> &nbsp;<\/td><td>Akademia Mazowiecka w P\u0142ocku<\/td><\/tr><tr><td>dr<strong> Beata ZBARACHEWICZ<\/strong> &nbsp;<\/td><td>Uniwersytet Kardyna\u0142a Stefana Wyszy\u0144skiego<\/td><\/tr><tr><td>dr<strong> Martyna CZARNECKA<\/strong> &nbsp;<\/td><td>Uniwersytet Kardyna\u0142a Stefana Wyszy\u0144skiego<\/td><\/tr><tr><td>mgr <strong>Hubert SKRZY\u0143SKI<\/strong><\/td><td>Stowarzyszenie Na Rzecz Edukacji Os\u00f3b Wykluczonych Spo\u0142ecznie o nazwie \u201eBusola\u201d<\/td><\/tr><\/tbody><\/table><\/figure>\n","protected":false},"excerpt":{"rendered":"<p>prof. zw. dr hab. Jaros\u0142aw MICHALSKI &nbsp; Uniwersytet Kardyna\u0142a Stefana Wyszy\u0144skiego prof. DDr. Janusz SURZYKIEWICZ &nbsp; Katholische Universit\u00e4t Eichst\u00e4tt-Ingolstadt prof. dr hab. Zbigniew FORMELA Universitas Pontificia Salesiana, Rzym. &nbsp; prof. ucz. dr hab. Zbigniew BABICKI &nbsp; Uniwersytet Kardyna\u0142a Stefana Wyszy\u0144skiego dr Monika WOLI\u0143SKA &nbsp; Akademia Mazowiecka w P\u0142ocku dr Beata ZBARACHEWICZ &nbsp; Uniwersytet Kardyna\u0142a Stefana &hellip; <\/p>\n","protected":false},"author":1,"featured_media":0,"parent":43,"menu_order":0,"comment_status":"closed","ping_status":"closed","template":"","meta":{"footnotes":""},"class_list":["post-81","page","type-page","status-publish","hentry","grid-sizer"],"_links":{"self":[{"href":"https:\/\/pokoj.uksw.edu.pl\/index.php?rest_route=\/wp\/v2\/pages\/81"}],"collection":[{"href":"https:\/\/pokoj.uksw.edu.pl\/index.php?rest_route=\/wp\/v2\/pages"}],"about":[{"href":"https:\/\/pokoj.uksw.edu.pl\/index.php?rest_route=\/wp\/v2\/types\/page"}],"author":[{"embeddable":true,"href":"https:\/\/pokoj.uksw.edu.pl\/index.php?rest_route=\/wp\/v2\/users\/1"}],"replies":[{"embeddable":true,"href":"https:\/\/pokoj.uksw.edu.pl\/index.php?rest_route=%2Fwp%2Fv2%2Fcomments&post=81"}],"version-history":[{"count":1,"href":"https:\/\/pokoj.uksw.edu.pl\/index.php?rest_route=\/wp\/v2\/pages\/81\/revisions"}],"predecessor-version":[{"id":82,"href":"https:\/\/pokoj.uksw.edu.pl\/index.php?rest_route=\/wp\/v2\/pages\/81\/revisions\/82"}],"up":[{"embeddable":true,"href":"https:\/\/pokoj.uksw.edu.pl\/index.php?rest_route=\/wp\/v2\/pages\/43"}],"wp:attachment":[{"href":"https:\/\/pokoj.uksw.edu.pl\/index.php?rest_route=%2Fwp%2Fv2%2Fmedia&parent=81"}],"curies":[{"name":"wp","href":"https:\/\/api.w.org\/{rel}","templated":true}]}}