{"id":84,"date":"2024-07-16T12:44:32","date_gmt":"2024-07-16T10:44:32","guid":{"rendered":"http:\/\/pokoj.uksw.edu.pl\/?page_id=84"},"modified":"2024-07-16T13:01:56","modified_gmt":"2024-07-16T11:01:56","slug":"szczegoly-konferencji","status":"publish","type":"page","link":"https:\/\/pokoj.uksw.edu.pl\/?page_id=84","title":{"rendered":"Informacje &#8211; Szczeg\u00f3\u0142y konferencji"},"content":{"rendered":"\n<p>Mi\u0119dzynarodowa Konferencja Naukowa \u201ePok\u00f3j fundamentem cz\u0142owiecze\u0144stwa. Teoria a praktyka edukacyjna\u201d przewidziana jest w swojej podstawowej formie jako realizowana w bezpo\u015brednim kontakcie. Bior\u0105c jednak pod uwag\u0119 jej mi\u0119dzynarodowy charakter, dopuszczona jest mo\u017cliwo\u015b\u0107 uczestnictwa i wyg\u0142oszenia referatu z po\u015bredniczeniem \u015brodk\u00f3w komunikacji na odleg\u0142o\u015b\u0107.<\/p>\n\n\n\n<p>Referat podczas konferencji mo\u017cna wyg\u0142osi\u0107 w j\u0119zyku polskim lub j\u0119zyku angielskim. W trakcie obrad (pierwszy dzie\u0144 konferencji) przewidziane jest t\u0142umaczenie symultaniczne w obr\u0119bie j\u0119zyk\u00f3w konferencji.<\/p>\n\n\n\n<h2 class=\"wp-block-heading\"><strong>WA\u017bNE DATY<\/strong><\/h2>\n\n\n\n<p>Termin nadsy\u0142ania zg\u0142osze\u0144: 2. 09. 2024 r.<\/p>\n\n\n\n<p>Termin wniesienia op\u0142aty \u201epublikacyjnej\u201d: 27. 09. 2024<\/p>\n\n\n\n<p>Op\u0142at\u0119 200 z\u0142 nale\u017cy wnie\u015b\u0107 na rachunek (Santander Bank Polska):<\/p>\n\n\n\n<p>81 1090 1014 0000 0001 2229 7627<\/p>\n\n\n\n<p>W tytule wp\u0142aty prosz\u0119 wpisa\u0107: ,,Pok\u00f3j fundamentem cz\u0142owiecze\u0144stwa. Teoria a praktyka edukacyjna&#8221;.<\/p>\n\n\n\n<p>Termin konferencji: <strong>26 \u2013 27. 09. 2024 r.<\/strong><\/p>\n\n\n\n<p>Termin nadsy\u0142ania artyku\u0142\u00f3w: 31. 10. 2024 r.<\/p>\n","protected":false},"excerpt":{"rendered":"<p>Mi\u0119dzynarodowa Konferencja Naukowa \u201ePok\u00f3j fundamentem cz\u0142owiecze\u0144stwa. Teoria a praktyka edukacyjna\u201d przewidziana jest w swojej podstawowej formie jako realizowana w bezpo\u015brednim kontakcie. Bior\u0105c jednak pod uwag\u0119 jej mi\u0119dzynarodowy charakter, dopuszczona jest mo\u017cliwo\u015b\u0107 uczestnictwa i wyg\u0142oszenia referatu z po\u015bredniczeniem \u015brodk\u00f3w komunikacji na odleg\u0142o\u015b\u0107. Referat podczas konferencji mo\u017cna wyg\u0142osi\u0107 w j\u0119zyku polskim lub j\u0119zyku angielskim. W trakcie obrad &hellip; <\/p>\n","protected":false},"author":1,"featured_media":0,"parent":0,"menu_order":0,"comment_status":"closed","ping_status":"closed","template":"","meta":{"footnotes":""},"class_list":["post-84","page","type-page","status-publish","hentry","grid-sizer"],"_links":{"self":[{"href":"https:\/\/pokoj.uksw.edu.pl\/index.php?rest_route=\/wp\/v2\/pages\/84"}],"collection":[{"href":"https:\/\/pokoj.uksw.edu.pl\/index.php?rest_route=\/wp\/v2\/pages"}],"about":[{"href":"https:\/\/pokoj.uksw.edu.pl\/index.php?rest_route=\/wp\/v2\/types\/page"}],"author":[{"embeddable":true,"href":"https:\/\/pokoj.uksw.edu.pl\/index.php?rest_route=\/wp\/v2\/users\/1"}],"replies":[{"embeddable":true,"href":"https:\/\/pokoj.uksw.edu.pl\/index.php?rest_route=%2Fwp%2Fv2%2Fcomments&post=84"}],"version-history":[{"count":3,"href":"https:\/\/pokoj.uksw.edu.pl\/index.php?rest_route=\/wp\/v2\/pages\/84\/revisions"}],"predecessor-version":[{"id":108,"href":"https:\/\/pokoj.uksw.edu.pl\/index.php?rest_route=\/wp\/v2\/pages\/84\/revisions\/108"}],"wp:attachment":[{"href":"https:\/\/pokoj.uksw.edu.pl\/index.php?rest_route=%2Fwp%2Fv2%2Fmedia&parent=84"}],"curies":[{"name":"wp","href":"https:\/\/api.w.org\/{rel}","templated":true}]}}