{"id":89,"date":"2024-07-16T12:46:32","date_gmt":"2024-07-16T10:46:32","guid":{"rendered":"http:\/\/pokoj.uksw.edu.pl\/?page_id=89"},"modified":"2024-07-16T12:47:45","modified_gmt":"2024-07-16T10:47:45","slug":"miejsce-konferencji","status":"publish","type":"page","link":"https:\/\/pokoj.uksw.edu.pl\/?page_id=89","title":{"rendered":"MIEJSCE KONFERENCJI"},"content":{"rendered":"\n<p>Pierwszy dzie\u0144 obrad \u2013 Wydzia\u0142 Nauk Humanistycznych i Informatyki Akademii Mazowieckiej w P\u0142ocku \u2013 P\u0142ock, ul. K.I. Ga\u0142czy\u0144skiego 28<\/p>\n\n\n\n<p>Drugi dzie\u0144 obrad \u2013 Wydzia\u0142 Nauk Pedagogicznych Uniwersytetu Kardyna\u0142a Stefana Wyszy\u0144skiego \u2013 Warszawa, ul. Kazimierza W\u00f3ycickiego 1\/3, budynek 15<\/p>\n","protected":false},"excerpt":{"rendered":"<p>Pierwszy dzie\u0144 obrad \u2013 Wydzia\u0142 Nauk Humanistycznych i Informatyki Akademii Mazowieckiej w P\u0142ocku \u2013 P\u0142ock, ul. K.I. Ga\u0142czy\u0144skiego 28 Drugi dzie\u0144 obrad \u2013 Wydzia\u0142 Nauk Pedagogicznych Uniwersytetu Kardyna\u0142a Stefana Wyszy\u0144skiego \u2013 Warszawa, ul. Kazimierza W\u00f3ycickiego 1\/3, budynek 15<\/p>\n","protected":false},"author":1,"featured_media":0,"parent":84,"menu_order":0,"comment_status":"closed","ping_status":"closed","template":"","meta":{"footnotes":""},"class_list":["post-89","page","type-page","status-publish","hentry","grid-sizer"],"_links":{"self":[{"href":"https:\/\/pokoj.uksw.edu.pl\/index.php?rest_route=\/wp\/v2\/pages\/89"}],"collection":[{"href":"https:\/\/pokoj.uksw.edu.pl\/index.php?rest_route=\/wp\/v2\/pages"}],"about":[{"href":"https:\/\/pokoj.uksw.edu.pl\/index.php?rest_route=\/wp\/v2\/types\/page"}],"author":[{"embeddable":true,"href":"https:\/\/pokoj.uksw.edu.pl\/index.php?rest_route=\/wp\/v2\/users\/1"}],"replies":[{"embeddable":true,"href":"https:\/\/pokoj.uksw.edu.pl\/index.php?rest_route=%2Fwp%2Fv2%2Fcomments&post=89"}],"version-history":[{"count":2,"href":"https:\/\/pokoj.uksw.edu.pl\/index.php?rest_route=\/wp\/v2\/pages\/89\/revisions"}],"predecessor-version":[{"id":92,"href":"https:\/\/pokoj.uksw.edu.pl\/index.php?rest_route=\/wp\/v2\/pages\/89\/revisions\/92"}],"up":[{"embeddable":true,"href":"https:\/\/pokoj.uksw.edu.pl\/index.php?rest_route=\/wp\/v2\/pages\/84"}],"wp:attachment":[{"href":"https:\/\/pokoj.uksw.edu.pl\/index.php?rest_route=%2Fwp%2Fv2%2Fmedia&parent=89"}],"curies":[{"name":"wp","href":"https:\/\/api.w.org\/{rel}","templated":true}]}}