{"id":93,"date":"2024-07-16T12:49:39","date_gmt":"2024-07-16T10:49:39","guid":{"rendered":"http:\/\/pokoj.uksw.edu.pl\/?page_id=93"},"modified":"2024-07-18T13:46:28","modified_gmt":"2024-07-18T11:46:28","slug":"sposob-rejestracji","status":"publish","type":"page","link":"https:\/\/pokoj.uksw.edu.pl\/?page_id=93","title":{"rendered":"SPOS\u00d3B REJESTRACJI"},"content":{"rendered":"\n<p>Za\u0142\u0105cznikiem do komunikatu jest Formularz zg\u0142oszenia uczestnictwa w konferencji. Wype\u0142niony formularz nale\u017cy przes\u0142a\u0107 na adres konferencji: <strong>konferencja.pokoj@uksw.edu.pl<\/strong><\/p>\n\n\n\n<p>Zg\u0142oszenia prosimy przesy\u0142a\u0107 do 2. 09. 2024 r.<\/p>\n\n\n\n<div class=\"forminator-guttenberg\"><div class=\"forminator-ui forminator-custom-form forminator-custom-form-161 forminator-design--default  forminator_ajax\" data-forminator-render=\"0\" data-form=\"forminator-module-161\" data-uid=\"69fc82a366e2b\"><br\/><\/div><form\n\t\t\t\tid=\"forminator-module-161\"\n\t\t\t\tclass=\"forminator-ui forminator-custom-form forminator-custom-form-161 forminator-design--default  forminator_ajax\"\n\t\t\t\tmethod=\"post\"\n\t\t\t\tdata-forminator-render=\"0\"\n\t\t\t\tdata-form-id=\"161\"\n\t\t\t\t\n\t\t\t\tdata-design=\"default\"\n\t\t\t\t\n\t\t\t\t\n\t\t\t\t\n\t\t\t\tdata-grid=\"open\"\n\t\t\t\t\n\t\t\t\t\n\t\t\t\tstyle=\"display: none;\"\n\t\t\t\t\n\t\t\t\tdata-uid=\"69fc82a366e2b\"\n\t\t\t><div role=\"alert\" aria-live=\"polite\" class=\"forminator-response-message forminator-error\" aria-hidden=\"true\"><\/div><div class=\"forminator-row\"><div id=\"name-1\" class=\"forminator-field-name forminator-col forminator-col-4 \"><div class=\"forminator-field\"><label for=\"forminator-field-name-1_69fc82a366e2b\" id=\"forminator-field-name-1_69fc82a366e2b-label\" class=\"forminator-label\">Imi\u0119 <span class=\"forminator-required\">*<\/span><\/label><input type=\"text\" name=\"name-1\" value=\"\" placeholder=\"\" id=\"forminator-field-name-1_69fc82a366e2b\" class=\"forminator-input forminator-name--field\" aria-required=\"true\" \/><\/div><\/div><div id=\"name-2\" class=\"forminator-field-name forminator-col forminator-col-4 \"><div class=\"forminator-field\"><label for=\"forminator-field-name-2_69fc82a366e2b\" id=\"forminator-field-name-2_69fc82a366e2b-label\" class=\"forminator-label\">Nazwisko <span class=\"forminator-required\">*<\/span><\/label><input type=\"text\" name=\"name-2\" value=\"\" placeholder=\"\" id=\"forminator-field-name-2_69fc82a366e2b\" class=\"forminator-input forminator-name--field\" aria-required=\"true\" \/><\/div><\/div><div id=\"text-1\" class=\"forminator-field-text forminator-col forminator-col-4 \"><div class=\"forminator-field\"><label for=\"forminator-field-text-1_69fc82a366e2b\" id=\"forminator-field-text-1_69fc82a366e2b-label\" class=\"forminator-label\">Tytu\u0142 \/ stopie\u0144 naukowy <span class=\"forminator-required\">*<\/span><\/label><input type=\"text\" name=\"text-1\" value=\"\" placeholder=\"\" id=\"forminator-field-text-1_69fc82a366e2b\" class=\"forminator-input forminator-name--field\" data-required=\"1\" \/><\/div><\/div><\/div><div class=\"forminator-row\"><div id=\"email-1\" class=\"forminator-field-email forminator-col forminator-col-6 \"><div class=\"forminator-field\"><label for=\"forminator-field-email-1_69fc82a366e2b\" id=\"forminator-field-email-1_69fc82a366e2b-label\" class=\"forminator-label\">Adres e-mail <span class=\"forminator-required\">*<\/span><\/label><input type=\"email\" name=\"email-1\" value=\"\" placeholder=\"\" id=\"forminator-field-email-1_69fc82a366e2b\" class=\"forminator-input forminator-email--field\" data-required=\"true\" aria-required=\"true\" \/><\/div><\/div><div id=\"phone-1\" class=\"forminator-field-phone forminator-col forminator-col-6 \"><div class=\"forminator-field\"><label for=\"forminator-field-phone-1_69fc82a366e2b\" id=\"forminator-field-phone-1_69fc82a366e2b-label\" class=\"forminator-label\">Numer telefonu <span class=\"forminator-required\">*<\/span><\/label><input type=\"text\" name=\"phone-1\" value=\"\" placeholder=\"\" id=\"forminator-field-phone-1_69fc82a366e2b\" class=\"forminator-input forminator-field--phone\" data-required=\"1\" aria-required=\"true\" autocomplete=\"off\" \/><\/div><\/div><\/div><div class=\"forminator-row\"><div id=\"group-1\" class=\"forminator-field-group forminator-col forminator-col-12 \"><label class=\"forminator-label forminator-repeater-label\">Dane reprezentowanej uczelni \/ instytucji<\/label><div class=\"forminator-all-group-copies forminator-repeater-field\"><div class=\"forminator-grouped-fields\" data-options=\"{&quot;is_repeater&quot;:false,&quot;min_type&quot;:&quot;custom&quot;,&quot;max_type&quot;:&quot;custom&quot;,&quot;min&quot;:1,&quot;max&quot;:9223372036854775807,&quot;add_text&quot;:&quot;Add item&quot;,&quot;remove_text&quot;:&quot;Remove item&quot;,&quot;action_element_type&quot;:&quot;button&quot;}\"><div class=\"forminator-row\"><div id=\"text-2\" class=\"forminator-field-text forminator-col forminator-col-12 \"><div class=\"forminator-field\"><label for=\"forminator-field-text-2_69fc82a366e2b\" id=\"forminator-field-text-2_69fc82a366e2b-label\" class=\"forminator-label\">Nazwa <span class=\"forminator-required\">*<\/span><\/label><input type=\"text\" name=\"text-2\" value=\"\" placeholder=\"\" id=\"forminator-field-text-2_69fc82a366e2b\" class=\"forminator-input forminator-name--field\" data-required=\"1\" \/><\/div><\/div><\/div><div class=\"forminator-row\"><div id=\"text-3\" class=\"forminator-field-text forminator-col forminator-col-12 \"><div class=\"forminator-field\"><label for=\"forminator-field-text-3_69fc82a366e2b\" id=\"forminator-field-text-3_69fc82a366e2b-label\" class=\"forminator-label\">Wydzia\u0142 <span class=\"forminator-required\">*<\/span><\/label><input type=\"text\" name=\"text-3\" value=\"\" placeholder=\"\" id=\"forminator-field-text-3_69fc82a366e2b\" class=\"forminator-input forminator-name--field\" data-required=\"1\" \/><\/div><\/div><\/div><div class=\"forminator-row\"><div id=\"text-4\" class=\"forminator-field-text forminator-col forminator-col-12 \"><div class=\"forminator-field\"><label for=\"forminator-field-text-4_69fc82a366e2b\" id=\"forminator-field-text-4_69fc82a366e2b-label\" class=\"forminator-label\">Instytut <span class=\"forminator-required\">*<\/span><\/label><input type=\"text\" name=\"text-4\" value=\"\" placeholder=\"\" id=\"forminator-field-text-4_69fc82a366e2b\" class=\"forminator-input forminator-name--field\" data-required=\"1\" \/><\/div><\/div><\/div><div class=\"forminator-row\"><div id=\"address-1\" class=\"forminator-field-address forminator-col forminator-col-12 \"><div class=\"forminator-row\"><div id=\"address-1-street_address\" class=\"forminator-col\"><div class=\"forminator-field\"><label for=\"forminator-field-address-1-street_address_69fc82a366e2b\" id=\"forminator-field-address-1-street_address_69fc82a366e2b-label\" class=\"forminator-label\">Ulica <span class=\"forminator-required\">*<\/span><\/label><input type=\"text\" name=\"address-1-street_address\" placeholder=\"\" id=\"forminator-field-address-1-street_address_69fc82a366e2b\" class=\"forminator-input\" data-required=\"1\" aria-required=\"true\" value=\"\" \/><\/div><\/div><\/div><div class=\"forminator-row\"><div id=\"address-1-address_line\" class=\"forminator-col\"><div class=\"forminator-field\"><label for=\"forminator-field-address-1-address_line_69fc82a366e2b\" id=\"forminator-field-address-1-address_line_69fc82a366e2b-label\" class=\"forminator-label\">Numer lokalu <span class=\"forminator-required\">*<\/span><\/label><input type=\"text\" name=\"address-1-address_line\" placeholder=\"\" id=\"forminator-field-address-1-address_line_69fc82a366e2b\" class=\"forminator-input\" data-required=\"1\" aria-required=\"true\" value=\"\" \/><\/div><\/div><\/div><div class=\"forminator-row\" data-multiple=\"false\"><div id=\"address-1-city\" class=\"forminator-col forminator-col-12\"><div class=\"forminator-field\"><label for=\"forminator-field-address-1-city_69fc82a366e2b\" id=\"forminator-field-address-1-city_69fc82a366e2b-label\" class=\"forminator-label\">Miejscowo\u015b\u0107 <span class=\"forminator-required\">*<\/span><\/label><input type=\"text\" name=\"address-1-city\" placeholder=\"\" id=\"forminator-field-address-1-city_69fc82a366e2b\" class=\"forminator-input\" data-required=\"1\" aria-required=\"true\" value=\"\" \/><\/div><\/div><\/div><div class=\"forminator-row\" data-multiple=\"false\"><div id=\"address-1-zip\" class=\"forminator-col forminator-col-12\"><div class=\"forminator-field\"><label for=\"forminator-field-address-1-zip_69fc82a366e2b\" id=\"forminator-field-address-1-zip_69fc82a366e2b-label\" class=\"forminator-label\">Kod pocztowy <span class=\"forminator-required\">*<\/span><\/label><input type=\"text\" name=\"address-1-zip\" placeholder=\"\" id=\"forminator-field-address-1-zip_69fc82a366e2b\" class=\"forminator-input\" value=\"\" \/><\/div><\/div><\/div><\/div><\/div><\/div><\/div><\/div><\/div><div class=\"forminator-row\"><div id=\"group-2\" class=\"forminator-field-group forminator-col forminator-col-12 \"><label class=\"forminator-label forminator-repeater-label\">Forma uczestnictwa w konferencji<\/label><div class=\"forminator-all-group-copies forminator-repeater-field\"><div class=\"forminator-grouped-fields\" data-options=\"{&quot;is_repeater&quot;:false,&quot;min_type&quot;:&quot;custom&quot;,&quot;max_type&quot;:&quot;custom&quot;,&quot;min&quot;:1,&quot;max&quot;:9223372036854775807,&quot;add_text&quot;:&quot;Add item&quot;,&quot;remove_text&quot;:&quot;Remove item&quot;,&quot;action_element_type&quot;:&quot;button&quot;}\"><div class=\"forminator-row\"><div id=\"radio-4\" class=\"forminator-field-radio forminator-col forminator-col-12 \"><div role=\"radiogroup\" class=\"forminator-field\" aria-labelledby=\"forminator-radiogroup-69fc82a366e2b-label\"><span id=\"forminator-radiogroup-69fc82a366e2b-label\" class=\"forminator-label\">Forma uczestnictwa w konferencji <span class=\"forminator-required\">*<\/span><\/span><label id=\"forminator-field-radio-4-label-1\" for=\"forminator-field-radio-4-1-69fc82a366e2b\" class=\"forminator-radio\" title=\"udzia\u0142 czynny (stacjonarny) \u2013 obejmuje udzia\u0142 w konferencji, catering podczas przerw kawowych, uroczyst\u0105 obiadokolacj\u0119, mo\u017cliwo\u015b\u0107 publikacji tekstu w recenzowanej monografii b\u0105d\u017a wysokopunktowanym czasopi\u015bmie o charakterze pedagogicznym (po otrzymaniu pozytywnej recenzji), materia\u0142y konferencyjne wraz z za\u015bwiadczeniem o uczestnictwie w konferencji\"><input type=\"radio\" name=\"radio-4\" value=\"one\" id=\"forminator-field-radio-4-1-69fc82a366e2b\" aria-labelledby=\"forminator-field-radio-4-label-1\" data-calculation=\"0\"   data-hidden-behavior=\"zero\"\/><span class=\"forminator-radio-bullet\" aria-hidden=\"true\"><\/span><span class=\"forminator-radio-label\">udzia\u0142 czynny (stacjonarny) \u2013 obejmuje udzia\u0142 w konferencji, catering podczas przerw kawowych, uroczyst\u0105 obiadokolacj\u0119, mo\u017cliwo\u015b\u0107 publikacji tekstu w recenzowanej monografii b\u0105d\u017a wysokopunktowanym czasopi\u015bmie o charakterze pedagogicznym (po otrzymaniu pozytywnej recenzji), materia\u0142y konferencyjne wraz z za\u015bwiadczeniem o uczestnictwie w konferencji<\/span><\/label><label id=\"forminator-field-radio-4-label-2\" for=\"forminator-field-radio-4-2-69fc82a366e2b\" class=\"forminator-radio\" title=\"udzia\u0142 czynny - (za po\u015brednictwem platformy komunikacji na odleg\u0142o\u015b\u0107) \u2013 obejmuje udzia\u0142 w konferencji, mo\u017cliwo\u015b\u0107 publikacji tekstu w recenzowanej monografii b\u0105d\u017a wysokopunktowanym czasopi\u015bmie o charakterze pedagogicznym (po otrzymaniu pozytywnej recenzji), materia\u0142y konferencyjne wraz z za\u015bwiadczeniem o uczestnictwie w konferencji\"><input type=\"radio\" name=\"radio-4\" value=\"two\" id=\"forminator-field-radio-4-2-69fc82a366e2b\" aria-labelledby=\"forminator-field-radio-4-label-2\" data-calculation=\"0\"   data-hidden-behavior=\"zero\"\/><span class=\"forminator-radio-bullet\" aria-hidden=\"true\"><\/span><span class=\"forminator-radio-label\">udzia\u0142 czynny - (za po\u015brednictwem platformy komunikacji na odleg\u0142o\u015b\u0107) \u2013 obejmuje udzia\u0142 w konferencji, mo\u017cliwo\u015b\u0107 publikacji tekstu w recenzowanej monografii b\u0105d\u017a wysokopunktowanym czasopi\u015bmie o charakterze pedagogicznym (po otrzymaniu pozytywnej recenzji), materia\u0142y konferencyjne wraz z za\u015bwiadczeniem o uczestnictwie w konferencji<\/span><\/label><label id=\"forminator-field-radio-4-label-3\" for=\"forminator-field-radio-4-3-69fc82a366e2b\" class=\"forminator-radio\" title=\"udzia\u0142 bierny - obejmuje udzia\u0142 w konferencji, catering podczas przerw kawowych, uroczyst\u0105 obiadokolacj\u0119, materia\u0142y konferencyjne wraz z za\u015bwiadczeniem o uczestnictwie w konferencji\"><input type=\"radio\" name=\"radio-4\" value=\"udzia\u0142-bierny\" id=\"forminator-field-radio-4-3-69fc82a366e2b\" aria-labelledby=\"forminator-field-radio-4-label-3\" data-calculation=\"0\"   data-hidden-behavior=\"zero\"\/><span class=\"forminator-radio-bullet\" aria-hidden=\"true\"><\/span><span class=\"forminator-radio-label\">udzia\u0142 bierny - obejmuje udzia\u0142 w konferencji, catering podczas przerw kawowych, uroczyst\u0105 obiadokolacj\u0119, materia\u0142y konferencyjne wraz z za\u015bwiadczeniem o uczestnictwie w konferencji<\/span><\/label><label id=\"forminator-field-radio-4-label-4\" for=\"forminator-field-radio-4-4-69fc82a366e2b\" class=\"forminator-radio\" title=\"udzia\u0142 bierny -(za po\u015brednictwem platformy komunikacji na odleg\u0142o\u015b\u0107) \u2013 obejmuje udzia\u0142 w konferencji, materia\u0142y konferencyjne wraz z za\u015bwiadczeniem o uczestnictwie w konferencji\"><input type=\"radio\" name=\"radio-4\" value=\"udzia\u0142-bierny\" id=\"forminator-field-radio-4-4-69fc82a366e2b\" aria-labelledby=\"forminator-field-radio-4-label-4\" data-calculation=\"0\"   data-hidden-behavior=\"zero\"\/><span class=\"forminator-radio-bullet\" aria-hidden=\"true\"><\/span><span class=\"forminator-radio-label\">udzia\u0142 bierny -(za po\u015brednictwem platformy komunikacji na odleg\u0142o\u015b\u0107) \u2013 obejmuje udzia\u0142 w konferencji, materia\u0142y konferencyjne wraz z za\u015bwiadczeniem o uczestnictwie w konferencji<\/span><\/label><\/div><\/div><\/div><div class=\"forminator-row\"><div id=\"textarea-2\" class=\"forminator-field-textarea forminator-col forminator-col-12 \"><div class=\"forminator-field\"><label for=\"forminator-field-textarea-2_69fc82a366e2b\" id=\"forminator-field-textarea-2_69fc82a366e2b-label\" class=\"forminator-label\">UDZIA\u0141 W KONFERENCJI JEST BEZP\u0141ATNY<\/label><textarea name=\"textarea-2\" placeholder=\"\" id=\"forminator-field-textarea-2_69fc82a366e2b\" class=\"forminator-textarea\" rows=\"6\" style=\"min-height:140px;\" aria-describedby=\"forminator-field-textarea-2_69fc82a366e2b-description\" >Dane do faktury:<\/textarea><span id=\"forminator-field-textarea-2_69fc82a366e2b-description\" class=\"forminator-description\">Organizatorzy nie pokrywaj\u0105 koszt\u00f3w dojazdu i zakwaterowania. Ch\u0119\u0107 publikacji tekstu WYMAGA WNIESIENIA OP\u0141ATY W WYSOKO\u015aCI 200 Z\u0141 (op\u0142ata wi\u0105\u017ce si\u0119 z kosztem publikacji \u2013 niefinansowanym z grantu). Je\u015bli potrzebujecie Pa\u0144stwo wystawienia faktury, prosimy o podanie nast\u0119puj\u0105cych danych: Nazwa i adres p\u0142atnika, NIP p\u0142atnika.<\/span><\/div><\/div><\/div><div class=\"forminator-row\"><div id=\"section-1\" class=\"forminator-field-section forminator-col forminator-col-12 \"><div class=\"forminator-field\"><h2 class=\"forminator-title\">Wybrana forma uczestnictwa<\/h2><hr class=\"forminator-border\" style=\"border: 1px dashed 1;\" \/><\/div><\/div><\/div><div class=\"forminator-row\"><div id=\"radio-1\" class=\"forminator-field-radio forminator-col forminator-col-6 \"><div role=\"radiogroup\" class=\"forminator-field\" aria-labelledby=\"forminator-radiogroup-69fc82a366e2b-label\"><span id=\"forminator-radiogroup-69fc82a366e2b-label\" class=\"forminator-label\">26. 09. 2024 r. \u2013 Pierwszy dzie\u0144 Konferencji (P\u0142ock \u2013 AMP) <span class=\"forminator-required\">*<\/span><\/span><label id=\"forminator-field-radio-1-label-1\" for=\"forminator-field-radio-1-1-69fc82a366e2b\" class=\"forminator-radio\" title=\"Udzia\u0142 bezpo\u015bredni\"><input type=\"radio\" name=\"radio-1\" value=\"one\" id=\"forminator-field-radio-1-1-69fc82a366e2b\" aria-labelledby=\"forminator-field-radio-1-label-1\" data-calculation=\"0\"   data-hidden-behavior=\"zero\"\/><span class=\"forminator-radio-bullet\" aria-hidden=\"true\"><\/span><span class=\"forminator-radio-label\">Udzia\u0142 bezpo\u015bredni<\/span><\/label><label id=\"forminator-field-radio-1-label-2\" for=\"forminator-field-radio-1-2-69fc82a366e2b\" class=\"forminator-radio\" title=\"Udzia\u0142 za pomoc\u0105 platformy komunikacji na odleg\u0142o\u015b\u0107\"><input type=\"radio\" name=\"radio-1\" value=\"two\" id=\"forminator-field-radio-1-2-69fc82a366e2b\" aria-labelledby=\"forminator-field-radio-1-label-2\" data-calculation=\"0\"   data-hidden-behavior=\"zero\"\/><span class=\"forminator-radio-bullet\" aria-hidden=\"true\"><\/span><span class=\"forminator-radio-label\">Udzia\u0142 za pomoc\u0105 platformy komunikacji na odleg\u0142o\u015b\u0107<\/span><\/label><\/div><\/div><div id=\"radio-2\" class=\"forminator-field-radio forminator-col forminator-col-6 \"><div role=\"radiogroup\" class=\"forminator-field\" aria-labelledby=\"forminator-radiogroup-69fc82a366e2b-label\"><span id=\"forminator-radiogroup-69fc82a366e2b-label\" class=\"forminator-label\">27. 09. 2024 r. \u2013 Drugi dzie\u0144 Konferencji (Warszawa \u2013 UKSW) <span class=\"forminator-required\">*<\/span><\/span><label id=\"forminator-field-radio-2-label-1\" for=\"forminator-field-radio-2-1-69fc82a366e2b\" class=\"forminator-radio\" title=\"Udzia\u0142 bezpo\u015bredni\"><input type=\"radio\" name=\"radio-2\" value=\"one\" id=\"forminator-field-radio-2-1-69fc82a366e2b\" aria-labelledby=\"forminator-field-radio-2-label-1\" data-calculation=\"0\"   data-hidden-behavior=\"zero\"\/><span class=\"forminator-radio-bullet\" aria-hidden=\"true\"><\/span><span class=\"forminator-radio-label\">Udzia\u0142 bezpo\u015bredni<\/span><\/label><label id=\"forminator-field-radio-2-label-2\" for=\"forminator-field-radio-2-2-69fc82a366e2b\" class=\"forminator-radio\" title=\"Udzia\u0142 za pomoc\u0105 platformy komunikacji na odleg\u0142o\u015b\u0107\"><input type=\"radio\" name=\"radio-2\" value=\"two\" id=\"forminator-field-radio-2-2-69fc82a366e2b\" aria-labelledby=\"forminator-field-radio-2-label-2\" data-calculation=\"0\"   data-hidden-behavior=\"zero\"\/><span class=\"forminator-radio-bullet\" aria-hidden=\"true\"><\/span><span class=\"forminator-radio-label\">Udzia\u0142 za pomoc\u0105 platformy komunikacji na odleg\u0142o\u015b\u0107<\/span><\/label><\/div><\/div><\/div><\/div><\/div><\/div><\/div><div class=\"forminator-row\"><div id=\"group-3\" class=\"forminator-field-group forminator-col forminator-col-12 \"><label class=\"forminator-label forminator-repeater-label\">ZG\u0141ASZANE WYST\u0104PIENIE KONFERENCYJNE<\/label><div class=\"forminator-all-group-copies forminator-repeater-field\"><div class=\"forminator-grouped-fields\" data-options=\"{&quot;is_repeater&quot;:false,&quot;min_type&quot;:&quot;custom&quot;,&quot;max_type&quot;:&quot;custom&quot;,&quot;min&quot;:1,&quot;max&quot;:9223372036854775807,&quot;add_text&quot;:&quot;Add item&quot;,&quot;remove_text&quot;:&quot;Remove item&quot;,&quot;action_element_type&quot;:&quot;button&quot;}\"><div class=\"forminator-row\"><div id=\"text-5\" class=\"forminator-field-text forminator-col forminator-col-6 \"><div class=\"forminator-field\"><label for=\"forminator-field-text-5_69fc82a366e2b\" id=\"forminator-field-text-5_69fc82a366e2b-label\" class=\"forminator-label\">Tytu\u0142 wyst\u0105pienia <span class=\"forminator-required\">*<\/span><\/label><input type=\"text\" name=\"text-5\" value=\"\" placeholder=\"\" id=\"forminator-field-text-5_69fc82a366e2b\" class=\"forminator-input forminator-name--field\" data-required=\"1\" \/><\/div><\/div><div id=\"radio-3\" class=\"forminator-field-radio forminator-col forminator-col-6 \"><div role=\"radiogroup\" class=\"forminator-field\" aria-labelledby=\"forminator-radiogroup-69fc82a366e2b-label\" aria-describedby=\"forminator-radiogroup-69fc82a366e2b-description\"><span id=\"forminator-radiogroup-69fc82a366e2b-label\" class=\"forminator-label\">J\u0119zyk wyst\u0105pienia <span class=\"forminator-required\">*<\/span><\/span><label id=\"forminator-field-radio-3-label-1\" for=\"forminator-field-radio-3-1-69fc82a366e2b\" class=\"forminator-radio\" title=\"j. polski\"><input type=\"radio\" name=\"radio-3\" value=\"one\" id=\"forminator-field-radio-3-1-69fc82a366e2b\" aria-labelledby=\"forminator-field-radio-3-label-1\" data-calculation=\"0\"   data-hidden-behavior=\"zero\" aria-describedby=\"forminator-field-radio-3-69fc82a366e2b-description\"\/><span class=\"forminator-radio-bullet\" aria-hidden=\"true\"><\/span><span class=\"forminator-radio-label\">j. polski<\/span><\/label><label id=\"forminator-field-radio-3-label-2\" for=\"forminator-field-radio-3-2-69fc82a366e2b\" class=\"forminator-radio\" title=\"j. angielski\"><input type=\"radio\" name=\"radio-3\" value=\"two\" id=\"forminator-field-radio-3-2-69fc82a366e2b\" aria-labelledby=\"forminator-field-radio-3-label-2\" data-calculation=\"0\"   data-hidden-behavior=\"zero\" aria-describedby=\"forminator-field-radio-3-69fc82a366e2b-description\"\/><span class=\"forminator-radio-bullet\" aria-hidden=\"true\"><\/span><span class=\"forminator-radio-label\">j. angielski<\/span><\/label><span id=\"forminator-radiogroup-69fc82a366e2b-description\" class=\"forminator-description\">prosz\u0119 zaznaczy\u0107 j\u0119zyk w jakim b\u0119dzie wyg\u0142aszany referat<\/span><\/div><\/div><\/div><div class=\"forminator-row\"><div id=\"textarea-3\" class=\"forminator-field-textarea forminator-col forminator-col-12 \"><div class=\"forminator-field\"><label for=\"forminator-field-textarea-3_69fc82a366e2b\" id=\"forminator-field-textarea-3_69fc82a366e2b-label\" class=\"forminator-label\">Abstrakt (max 400 znak\u00f3w) <span class=\"forminator-required\">*<\/span><\/label><textarea name=\"textarea-3\" placeholder=\"\" id=\"forminator-field-textarea-3_69fc82a366e2b\" class=\"forminator-textarea\" rows=\"6\" style=\"min-height:140px;\" maxlength=\"400\" ><\/textarea><span id=\"forminator-field-textarea-3_69fc82a366e2b-description\" class=\"forminator-description\"><span data-limit=\"400\" data-type=\"characters\">0 \/ 400<\/span><\/span><\/div><\/div><\/div><\/div><\/div><\/div><\/div><input type=\"hidden\" name=\"referer_url\" value=\"\" \/><div class=\"forminator-row forminator-row-last\"><div class=\"forminator-col\"><div class=\"forminator-field\"><button class=\"forminator-button forminator-button-submit\">Wy\u015blij wiadomo\u015b\u0107<\/button><\/div><\/div><\/div><input type=\"hidden\" id=\"forminator_nonce\" name=\"forminator_nonce\" value=\"de3a8a7239\" \/><input type=\"hidden\" name=\"_wp_http_referer\" value=\"\/index.php?rest_route=%2Fwp%2Fv2%2Fpages%2F93\" \/><input type=\"hidden\" name=\"form_id\" value=\"161\"><input type=\"hidden\" name=\"page_id\" value=\"93\"><input type=\"hidden\" name=\"form_type\" value=\"default\"><input type=\"hidden\" name=\"current_url\" value=\"https:\/\/pokoj.uksw.edu.pl\/?page_id=93\"><input type=\"hidden\" name=\"render_id\" value=\"0\"><input type=\"hidden\" name=\"action\" value=\"forminator_submit_form_custom-forms\"><\/form><\/div>\n\n\n\n<p><\/p>\n\n\n\n<div class=\"wp-block-file\"><a id=\"wp-block-file--media-0080f4b0-a458-4d4e-9b0f-5d57d11a0b4c\" href=\"http:\/\/pokoj.uksw.edu.pl\/wp-content\/uploads\/2024\/07\/formularz-zgloszenia.doc\">formularz zg\u0142oszenia doc<\/a><a href=\"http:\/\/pokoj.uksw.edu.pl\/wp-content\/uploads\/2024\/07\/formularz-zgloszenia.doc\" class=\"wp-block-file__button wp-element-button\" download aria-describedby=\"wp-block-file--media-0080f4b0-a458-4d4e-9b0f-5d57d11a0b4c\">Pobierz<\/a><\/div>\n\n\n\n<div data-wp-interactive=\"core\/file\" class=\"wp-block-file\"><object data-wp-bind--hidden=\"!state.hasPdfPreview\"  class=\"wp-block-file__embed\" data=\"http:\/\/pokoj.uksw.edu.pl\/wp-content\/uploads\/2024\/07\/formularz-zgloszenia.pdf\" type=\"application\/pdf\" style=\"width:100%;height:600px\" aria-label=\"Osadzone z formularz zg\u0142oszenia.\"><\/object><a id=\"wp-block-file--media-61fdda34-3f73-4b82-afdf-e145d141448d\" href=\"http:\/\/pokoj.uksw.edu.pl\/wp-content\/uploads\/2024\/07\/formularz-zgloszenia.pdf\">formularz zg\u0142oszenia<\/a><a href=\"http:\/\/pokoj.uksw.edu.pl\/wp-content\/uploads\/2024\/07\/formularz-zgloszenia.pdf\" class=\"wp-block-file__button wp-element-button\" download aria-describedby=\"wp-block-file--media-61fdda34-3f73-4b82-afdf-e145d141448d\">Pobierz<\/a><\/div>\n","protected":false},"excerpt":{"rendered":"<p>Za\u0142\u0105cznikiem do komunikatu jest Formularz zg\u0142oszenia uczestnictwa w konferencji. Wype\u0142niony formularz nale\u017cy przes\u0142a\u0107 na adres konferencji: konferencja.pokoj@uksw.edu.pl Zg\u0142oszenia prosimy przesy\u0142a\u0107 do 2. 09. 2024 r.<\/p>\n","protected":false},"author":1,"featured_media":0,"parent":84,"menu_order":0,"comment_status":"closed","ping_status":"closed","template":"","meta":{"footnotes":""},"class_list":["post-93","page","type-page","status-publish","hentry","grid-sizer"],"_links":{"self":[{"href":"https:\/\/pokoj.uksw.edu.pl\/index.php?rest_route=\/wp\/v2\/pages\/93"}],"collection":[{"href":"https:\/\/pokoj.uksw.edu.pl\/index.php?rest_route=\/wp\/v2\/pages"}],"about":[{"href":"https:\/\/pokoj.uksw.edu.pl\/index.php?rest_route=\/wp\/v2\/types\/page"}],"author":[{"embeddable":true,"href":"https:\/\/pokoj.uksw.edu.pl\/index.php?rest_route=\/wp\/v2\/users\/1"}],"replies":[{"embeddable":true,"href":"https:\/\/pokoj.uksw.edu.pl\/index.php?rest_route=%2Fwp%2Fv2%2Fcomments&post=93"}],"version-history":[{"count":4,"href":"https:\/\/pokoj.uksw.edu.pl\/index.php?rest_route=\/wp\/v2\/pages\/93\/revisions"}],"predecessor-version":[{"id":163,"href":"https:\/\/pokoj.uksw.edu.pl\/index.php?rest_route=\/wp\/v2\/pages\/93\/revisions\/163"}],"up":[{"embeddable":true,"href":"https:\/\/pokoj.uksw.edu.pl\/index.php?rest_route=\/wp\/v2\/pages\/84"}],"wp:attachment":[{"href":"https:\/\/pokoj.uksw.edu.pl\/index.php?rest_route=%2Fwp%2Fv2%2Fmedia&parent=93"}],"curies":[{"name":"wp","href":"https:\/\/api.w.org\/{rel}","templated":true}]}}